{"id":45,"date":"2025-02-07T11:49:42","date_gmt":"2025-02-07T10:49:42","guid":{"rendered":"https:\/\/tz-hall.de\/index.php\/vermietung\/coworking\/"},"modified":"2025-04-09T09:32:34","modified_gmt":"2025-04-09T07:32:34","slug":"coworking","status":"publish","type":"page","link":"https:\/\/tz-hall.de\/index.php\/startseite\/vermietung\/coworking\/","title":{"rendered":"Coworking"},"content":{"rendered":"\t\t<div data-elementor-type=\"wp-page\" data-elementor-id=\"45\" class=\"elementor elementor-45\" data-elementor-post-type=\"page\">\n\t\t\t\t<div class=\"elementor-element elementor-element-08f4a06 e-flex e-con-boxed e-con e-parent\" data-id=\"08f4a06\" data-element_type=\"container\" data-e-type=\"container\">\n\t\t\t\t\t<div class=\"e-con-inner\">\n\t\t<div class=\"elementor-element elementor-element-966973d e-con-full e-flex e-con e-child\" data-id=\"966973d\" data-element_type=\"container\" data-e-type=\"container\" data-settings=\"{&quot;background_background&quot;:&quot;classic&quot;}\">\n\t\t<div class=\"elementor-element elementor-element-ffd746a e-con-full e-flex e-con e-child\" data-id=\"ffd746a\" data-element_type=\"container\" data-e-type=\"container\">\n\t\t\t\t<div class=\"elementor-element elementor-element-f2adf15 elementor-widget elementor-widget-text-editor\" data-id=\"f2adf15\" data-element_type=\"widget\" data-e-type=\"widget\" data-widget_type=\"text-editor.default\">\n\t\t\t\t<div class=\"elementor-widget-container\">\n\t\t\t\t\t\t\t\t\t<h3>Der Coworking Space Schw\u00e4bisch Hall<\/h3><p>Der Coworking Space: Schw\u00e4bisch Hall in der Geschwister-Scholl-Stra\u00dfe 77 ist der Treffpunkt in Schw\u00e4bisch Hall f\u00fcr alle, die eine Alternative zum Homeoffice suchen und sich gerne vernetzen. Im Klartext bedeutet dies: Kreative, Gr\u00fcnder, Startups und Unternehmensmitarbeiter sind alle herzlich Willkommen.<\/p><h3>Warum \u201eCoworking Space\u201c?<\/h3><p>Der Begriff Coworking ist ein Modewort und bedeutet nichts anderes, als gemeinsam \u2013 oder vielmehr zusammen zu arbeiten. Und zwar flexibel, spontan und kosteng\u00fcnstig. Dies bietet die M\u00f6glichkeit, nicht nur unter Menschen anstelle allein in der Wohnung zu arbeiten und sich zudem mit anderen Coworker\/innen austauschen und vernetzen zu k\u00f6nnen.<\/p><p>Mit einem Tagesticket, oder einem Monatspass, welches sich leicht \u00fcber unser Buchungssystem organisieren l\u00e4sst, k\u00f6nnen sich unsere Besucher einen freien Arbeitsplatz in unserem gro\u00dfen, lichtdurchfluteten \u201eOpen Space\u201c ausw\u00e4hlen.<\/p><h3>Coworking Space Open Space<\/h3><p>Wer lieber etwas ungezwungener und in entspannter Atmosph\u00e4re arbeiten m\u00f6chte,<br \/>f\u00fcr den steht zudem die \u201eBusiness Lounge\u201c direkt am Anfang des Geb\u00e4udes zur Verf\u00fcgung.<br \/>Hier lassen sich bei leiser und entspannter Musik angenehme Gespr\u00e4che mit Kunden,<br \/>Partnern oder anderen CoWorker\/innen f\u00fchren. \u2013 \u00dcberdies findet hier mehrmals im Jahr<br \/>unser \u201eGr\u00fcnder Grillen\u201c statt.<\/p><h3>Business Lounge Coworking Space<\/h3><p>Und sollte doch einmal mehr Platz ben\u00f6tigt werden \u2013 etwa f\u00fcr ein Team-Meeting oder<br \/>eine Unternehmensbesprechung, so kann unser \u201eConference Room\u201c gegen einen kleinen,<br \/>stundenbasierten Aufpreis genutzt werden.<\/p><h3>Conference Room Coworking Space<\/h3><p>Oder sind Sie an einem eher ruhigeren Arbeitsplatz interessiert?<br \/>Auch hier haben wir genau das Richtige f\u00fcr Sie: Unsere zwei, separat abschlie\u00dfbare <br \/><span style=\"font-family: var( --e-global-typography-text-font-family ), Sans-serif; text-align: var(--text-align); font-size: 1rem;\">B\u00fcror\u00e4ume bieten jeweils bis zu zwei CoWorker\/innen Platz, um von der Au\u00dfenwelt <br \/>abgeschottet und in aller Ruhe erfolgreich arbeiten zu\u00a0<\/span>k\u00f6nnen<\/p>\t\t\t\t\t\t\t\t<\/div>\n\t\t\t\t<\/div>\n\t\t\t\t<div class=\"elementor-element elementor-element-18a055b elementor-widget elementor-widget-button\" data-id=\"18a055b\" data-element_type=\"widget\" data-e-type=\"widget\" data-widget_type=\"button.default\">\n\t\t\t\t<div class=\"elementor-widget-container\">\n\t\t\t\t\t\t\t\t\t<div class=\"elementor-button-wrapper\">\n\t\t\t\t\t<a class=\"elementor-button elementor-button-link elementor-size-sm\" href=\"https:\/\/coworking-sha.de\" target=\"_blank\">\n\t\t\t\t\t\t<span class=\"elementor-button-content-wrapper\">\n\t\t\t\t\t\t\t\t\t<span class=\"elementor-button-text\">Weitere Infos<\/span>\n\t\t\t\t\t<\/span>\n\t\t\t\t\t<\/a>\n\t\t\t\t<\/div>\n\t\t\t\t\t\t\t\t<\/div>\n\t\t\t\t<\/div>\n\t\t\t\t<div class=\"elementor-element elementor-element-8d68ee6 gallery-spacing-custom elementor-widget elementor-widget-image-gallery\" data-id=\"8d68ee6\" data-element_type=\"widget\" data-e-type=\"widget\" data-widget_type=\"image-gallery.default\">\n\t\t\t\t<div class=\"elementor-widget-container\">\n\t\t\t\t\t\t\t<div class=\"elementor-image-gallery\">\n\t\t\t<div id='gallery-1' class='gallery galleryid-45 gallery-columns-4 gallery-size-medium'><figure class='gallery-item'>\n\t\t\t<div class='gallery-icon landscape'>\n\t\t\t\t<a data-elementor-open-lightbox=\"yes\" data-elementor-lightbox-slideshow=\"8d68ee6\" data-elementor-lightbox-title=\"HALLoSPACE-1006084_0004_Hintergrund\" data-e-action-hash=\"#elementor-action%3Aaction%3Dlightbox%26settings%3DeyJpZCI6NzA5MCwidXJsIjoiaHR0cHM6XC9cL3R6LWhhbGwuZGVcL3dwLWNvbnRlbnRcL3VwbG9hZHNcLzIwMjVcLzA0XC9IQUxMb1NQQUNFLTEwMDYwODRfMDAwNF9IaW50ZXJncnVuZC5qcGciLCJzbGlkZXNob3ciOiI4ZDY4ZWU2In0%3D\" href='https:\/\/tz-hall.de\/wp-content\/uploads\/2025\/04\/HALLoSPACE-1006084_0004_Hintergrund.jpg'><img fetchpriority=\"high\" decoding=\"async\" width=\"300\" height=\"200\" src=\"https:\/\/tz-hall.de\/wp-content\/uploads\/2025\/04\/HALLoSPACE-1006084_0004_Hintergrund-300x200.jpg\" class=\"attachment-medium size-medium\" alt=\"\" srcset=\"https:\/\/tz-hall.de\/wp-content\/uploads\/2025\/04\/HALLoSPACE-1006084_0004_Hintergrund-300x200.jpg 300w, https:\/\/tz-hall.de\/wp-content\/uploads\/2025\/04\/HALLoSPACE-1006084_0004_Hintergrund-1024x683.jpg 1024w, https:\/\/tz-hall.de\/wp-content\/uploads\/2025\/04\/HALLoSPACE-1006084_0004_Hintergrund-768x512.jpg 768w, https:\/\/tz-hall.de\/wp-content\/uploads\/2025\/04\/HALLoSPACE-1006084_0004_Hintergrund-1536x1024.jpg 1536w, https:\/\/tz-hall.de\/wp-content\/uploads\/2025\/04\/HALLoSPACE-1006084_0004_Hintergrund-2048x1366.jpg 2048w\" sizes=\"(max-width: 300px) 100vw, 300px\" \/><\/a>\n\t\t\t<\/div><\/figure><figure class='gallery-item'>\n\t\t\t<div class='gallery-icon landscape'>\n\t\t\t\t<a data-elementor-open-lightbox=\"yes\" data-elementor-lightbox-slideshow=\"8d68ee6\" data-elementor-lightbox-title=\"HALLoSPACE-1006084_0002_HALLoSPACE-1006373\" data-e-action-hash=\"#elementor-action%3Aaction%3Dlightbox%26settings%3DeyJpZCI6NzA4OCwidXJsIjoiaHR0cHM6XC9cL3R6LWhhbGwuZGVcL3dwLWNvbnRlbnRcL3VwbG9hZHNcLzIwMjVcLzA0XC9IQUxMb1NQQUNFLTEwMDYwODRfMDAwMl9IQUxMb1NQQUNFLTEwMDYzNzMuanBnIiwic2xpZGVzaG93IjoiOGQ2OGVlNiJ9\" href='https:\/\/tz-hall.de\/wp-content\/uploads\/2025\/04\/HALLoSPACE-1006084_0002_HALLoSPACE-1006373.jpg'><img decoding=\"async\" width=\"300\" height=\"200\" src=\"https:\/\/tz-hall.de\/wp-content\/uploads\/2025\/04\/HALLoSPACE-1006084_0002_HALLoSPACE-1006373-300x200.jpg\" class=\"attachment-medium size-medium\" alt=\"\" srcset=\"https:\/\/tz-hall.de\/wp-content\/uploads\/2025\/04\/HALLoSPACE-1006084_0002_HALLoSPACE-1006373-300x200.jpg 300w, https:\/\/tz-hall.de\/wp-content\/uploads\/2025\/04\/HALLoSPACE-1006084_0002_HALLoSPACE-1006373-1024x683.jpg 1024w, https:\/\/tz-hall.de\/wp-content\/uploads\/2025\/04\/HALLoSPACE-1006084_0002_HALLoSPACE-1006373-768x512.jpg 768w, https:\/\/tz-hall.de\/wp-content\/uploads\/2025\/04\/HALLoSPACE-1006084_0002_HALLoSPACE-1006373-1536x1024.jpg 1536w, https:\/\/tz-hall.de\/wp-content\/uploads\/2025\/04\/HALLoSPACE-1006084_0002_HALLoSPACE-1006373-2048x1366.jpg 2048w\" sizes=\"(max-width: 300px) 100vw, 300px\" \/><\/a>\n\t\t\t<\/div><\/figure><figure class='gallery-item'>\n\t\t\t<div class='gallery-icon landscape'>\n\t\t\t\t<a data-elementor-open-lightbox=\"yes\" data-elementor-lightbox-slideshow=\"8d68ee6\" data-elementor-lightbox-title=\"HALLoSPACE-1006084_0003_HALLoSPACE-1006254\" data-e-action-hash=\"#elementor-action%3Aaction%3Dlightbox%26settings%3DeyJpZCI6NzA4OSwidXJsIjoiaHR0cHM6XC9cL3R6LWhhbGwuZGVcL3dwLWNvbnRlbnRcL3VwbG9hZHNcLzIwMjVcLzA0XC9IQUxMb1NQQUNFLTEwMDYwODRfMDAwM19IQUxMb1NQQUNFLTEwMDYyNTQuanBnIiwic2xpZGVzaG93IjoiOGQ2OGVlNiJ9\" href='https:\/\/tz-hall.de\/wp-content\/uploads\/2025\/04\/HALLoSPACE-1006084_0003_HALLoSPACE-1006254.jpg'><img decoding=\"async\" width=\"300\" height=\"200\" src=\"https:\/\/tz-hall.de\/wp-content\/uploads\/2025\/04\/HALLoSPACE-1006084_0003_HALLoSPACE-1006254-300x200.jpg\" class=\"attachment-medium size-medium\" alt=\"\" srcset=\"https:\/\/tz-hall.de\/wp-content\/uploads\/2025\/04\/HALLoSPACE-1006084_0003_HALLoSPACE-1006254-300x200.jpg 300w, https:\/\/tz-hall.de\/wp-content\/uploads\/2025\/04\/HALLoSPACE-1006084_0003_HALLoSPACE-1006254-1024x683.jpg 1024w, https:\/\/tz-hall.de\/wp-content\/uploads\/2025\/04\/HALLoSPACE-1006084_0003_HALLoSPACE-1006254-768x512.jpg 768w, https:\/\/tz-hall.de\/wp-content\/uploads\/2025\/04\/HALLoSPACE-1006084_0003_HALLoSPACE-1006254-1536x1024.jpg 1536w, https:\/\/tz-hall.de\/wp-content\/uploads\/2025\/04\/HALLoSPACE-1006084_0003_HALLoSPACE-1006254-2048x1366.jpg 2048w\" sizes=\"(max-width: 300px) 100vw, 300px\" \/><\/a>\n\t\t\t<\/div><\/figure><figure class='gallery-item'>\n\t\t\t<div class='gallery-icon landscape'>\n\t\t\t\t<a data-elementor-open-lightbox=\"yes\" data-elementor-lightbox-slideshow=\"8d68ee6\" data-elementor-lightbox-title=\"HALLoSPACE-1006084_0000_HALLoSPACE-Konferenzraum-4\" data-e-action-hash=\"#elementor-action%3Aaction%3Dlightbox%26settings%3DeyJpZCI6NzA5MSwidXJsIjoiaHR0cHM6XC9cL3R6LWhhbGwuZGVcL3dwLWNvbnRlbnRcL3VwbG9hZHNcLzIwMjVcLzA0XC9IQUxMb1NQQUNFLTEwMDYwODRfMDAwMF9IQUxMb1NQQUNFLUtvbmZlcmVuenJhdW0tNC5qcGciLCJzbGlkZXNob3ciOiI4ZDY4ZWU2In0%3D\" href='https:\/\/tz-hall.de\/wp-content\/uploads\/2025\/04\/HALLoSPACE-1006084_0000_HALLoSPACE-Konferenzraum-4.jpg'><img loading=\"lazy\" decoding=\"async\" width=\"300\" height=\"200\" src=\"https:\/\/tz-hall.de\/wp-content\/uploads\/2025\/04\/HALLoSPACE-1006084_0000_HALLoSPACE-Konferenzraum-4-300x200.jpg\" class=\"attachment-medium size-medium\" alt=\"\" srcset=\"https:\/\/tz-hall.de\/wp-content\/uploads\/2025\/04\/HALLoSPACE-1006084_0000_HALLoSPACE-Konferenzraum-4-300x200.jpg 300w, https:\/\/tz-hall.de\/wp-content\/uploads\/2025\/04\/HALLoSPACE-1006084_0000_HALLoSPACE-Konferenzraum-4-1024x683.jpg 1024w, https:\/\/tz-hall.de\/wp-content\/uploads\/2025\/04\/HALLoSPACE-1006084_0000_HALLoSPACE-Konferenzraum-4-768x512.jpg 768w, https:\/\/tz-hall.de\/wp-content\/uploads\/2025\/04\/HALLoSPACE-1006084_0000_HALLoSPACE-Konferenzraum-4-1536x1024.jpg 1536w, https:\/\/tz-hall.de\/wp-content\/uploads\/2025\/04\/HALLoSPACE-1006084_0000_HALLoSPACE-Konferenzraum-4-2048x1366.jpg 2048w\" sizes=\"(max-width: 300px) 100vw, 300px\" \/><\/a>\n\t\t\t<\/div><\/figure>\n\t\t<\/div>\n\t\t<\/div>\n\t\t\t\t\t\t<\/div>\n\t\t\t\t<\/div>\n\t\t\t\t<\/div>\n\t\t\t\t<\/div>\n\t\t\t\t\t<\/div>\n\t\t\t\t<\/div>\n\t\t\t\t<\/div>\n\t\t","protected":false},"excerpt":{"rendered":"<p>Der Coworking Space Schw\u00e4bisch Hall Der Coworking Space: Schw\u00e4bisch Hall in der Geschwister-Scholl-Stra\u00dfe 77 ist der Treffpunkt in Schw\u00e4bisch Hall f\u00fcr alle, die eine Alternative zum Homeoffice suchen und sich gerne vernetzen. Im Klartext bedeutet dies: Kreative, Gr\u00fcnder, Startups und Unternehmensmitarbeiter sind alle herzlich Willkommen. Warum \u201eCoworking Space\u201c? Der Begriff Coworking ist ein Modewort und [&hellip;]<\/p>\n","protected":false},"author":1,"featured_media":0,"parent":29,"menu_order":3,"comment_status":"closed","ping_status":"closed","template":"elementor_header_footer","meta":{"footnotes":""},"class_list":["post-45","page","type-page","status-publish","hentry"],"_links":{"self":[{"href":"https:\/\/tz-hall.de\/index.php\/wp-json\/wp\/v2\/pages\/45","targetHints":{"allow":["GET"]}}],"collection":[{"href":"https:\/\/tz-hall.de\/index.php\/wp-json\/wp\/v2\/pages"}],"about":[{"href":"https:\/\/tz-hall.de\/index.php\/wp-json\/wp\/v2\/types\/page"}],"author":[{"embeddable":true,"href":"https:\/\/tz-hall.de\/index.php\/wp-json\/wp\/v2\/users\/1"}],"replies":[{"embeddable":true,"href":"https:\/\/tz-hall.de\/index.php\/wp-json\/wp\/v2\/comments?post=45"}],"version-history":[{"count":19,"href":"https:\/\/tz-hall.de\/index.php\/wp-json\/wp\/v2\/pages\/45\/revisions"}],"predecessor-version":[{"id":7101,"href":"https:\/\/tz-hall.de\/index.php\/wp-json\/wp\/v2\/pages\/45\/revisions\/7101"}],"up":[{"embeddable":true,"href":"https:\/\/tz-hall.de\/index.php\/wp-json\/wp\/v2\/pages\/29"}],"wp:attachment":[{"href":"https:\/\/tz-hall.de\/index.php\/wp-json\/wp\/v2\/media?parent=45"}],"curies":[{"name":"wp","href":"https:\/\/api.w.org\/{rel}","templated":true}]}}