{"id":43,"date":"2025-02-07T11:48:00","date_gmt":"2025-02-07T10:48:00","guid":{"rendered":"https:\/\/tz-hall.de\/index.php\/cafeteria\/"},"modified":"2026-04-12T18:22:55","modified_gmt":"2026-04-12T16:22:55","slug":"cafeteria","status":"publish","type":"page","link":"https:\/\/tz-hall.de\/index.php\/cafeteria\/","title":{"rendered":"Cafeteria"},"content":{"rendered":"\t\t<div data-elementor-type=\"wp-page\" data-elementor-id=\"43\" class=\"elementor elementor-43\" data-elementor-post-type=\"page\">\n\t\t\t\t<div class=\"elementor-element elementor-element-a740278 e-flex e-con-boxed e-con e-parent\" data-id=\"a740278\" data-element_type=\"container\" data-e-type=\"container\">\n\t\t\t\t\t<div class=\"e-con-inner\">\n\t\t<div class=\"elementor-element elementor-element-f3e3347 e-con-full e-flex e-con e-child\" data-id=\"f3e3347\" data-element_type=\"container\" data-e-type=\"container\">\n\t\t\t\t<div class=\"elementor-element elementor-element-8257e06 elementor-widget elementor-widget-text-editor\" data-id=\"8257e06\" data-element_type=\"widget\" data-e-type=\"widget\" data-widget_type=\"text-editor.default\">\n\t\t\t\t<div class=\"elementor-widget-container\">\n\t\t\t\t\t\t\t\t\t<h3>Caf\u00e9teria im Haus der Wirtschaft<\/h3><p>Die durchg\u00e4ngig ge\u00f6ffnete Caf\u00e9teria im Haus der Wirtschaft l\u00e4dt in den Seminarpausen zum Wohlf\u00fchlen ein mit<\/p><ul><li>Kalten und warmen Getr\u00e4nken<\/li><li>Pausensnacks<\/li><li>Tagesessen<\/li><li>Veranstaltungscatering<\/li><\/ul>\t\t\t\t\t\t\t\t<\/div>\n\t\t\t\t<\/div>\n\t\t\t\t<div class=\"elementor-element elementor-element-8618deb elementor-widget elementor-widget-text-editor\" data-id=\"8618deb\" data-element_type=\"widget\" data-e-type=\"widget\" data-widget_type=\"text-editor.default\">\n\t\t\t\t<div class=\"elementor-widget-container\">\n\t\t\t\t\t\t\t\t\t<h3>Ihr Ansprechpartnerin<\/h3><p>Frau Melber<\/p><p>Stauffenbergstra\u00dfe 35<br \/>74523 Schw\u00e4bisch Hall<\/p><p>Mobil: 0178 3594930<br \/>E-Mail: <a href=\"mailto:cafeteria-melber@outlook.de\">cafeteria-melber@outlook.de<\/a><\/p>\t\t\t\t\t\t\t\t<\/div>\n\t\t\t\t<\/div>\n\t\t\t\t<\/div>\n\t\t<div class=\"elementor-element elementor-element-d62dc3d e-con-full e-flex e-con e-child\" data-id=\"d62dc3d\" data-element_type=\"container\" data-e-type=\"container\">\n\t\t\t\t<div class=\"elementor-element elementor-element-5323489 elementor-widget elementor-widget-text-editor\" data-id=\"5323489\" data-element_type=\"widget\" data-e-type=\"widget\" data-widget_type=\"text-editor.default\">\n\t\t\t\t<div class=\"elementor-widget-container\">\n\t\t\t\t\t\t\t\t\t<h2><span style=\"color: #000000;\">Aktueller Speiseplan<\/span><\/h2><p><strong>Tagesessen: mit Fleisch\u00a0 11,50 \u20ac \/ vegetarisch 10,50 \u20ac<\/strong><\/p><h3>Montag, 13.04.<\/h3><p>Hausgemachte Lasagne, dazu Salat<br \/>Gro\u00dfer Salatteller mit Kartoffelpuffer<\/p><h3>Dienstag, 14.04.<\/h3><p class=\"cvGsUA direction-ltr align-start para-style-subtitle\">Spaghetti Bolognese, dazu Salat<br \/>Spaghetti Napoli, dazu Salat<\/p><h3>Mittwoch, 15.04.<\/h3><p><span class=\"NormalTextRun SpellingErrorV2Themed SCXW240379787 BCX8\">B\u00fan<\/span><span class=\"NormalTextRun SCXW240379787 BCX8\">\u00a0<\/span><span class=\"NormalTextRun SpellingErrorV2Themed SCXW240379787 BCX8\">cha<\/span><span class=\"NormalTextRun SCXW240379787 BCX8\">\u00a0\u2013 Gegrilltes Schweinefleisch mit Reisnudeln und Knoblauch-Chili-Dip<\/span><span class=\"NormalTextRun SCXW240379787 BCX8\">, dazu Salat<\/span><br \/><span class=\"NormalTextRun SpellingErrorV2Themed SCXW248620654 BCX8\">B\u00fan<\/span><span class=\"NormalTextRun SCXW248620654 BCX8\">\u00a0<\/span><span class=\"NormalTextRun SpellingErrorV2Themed SCXW248620654 BCX8\">Chay<\/span><span class=\"NormalTextRun SCXW248620654 BCX8\">\u00a0\u2013 Gebratener Tofu mit Reisnudeln und\u00a0<\/span><span class=\"NormalTextRun SCXW248620654 BCX8\">Knoblauch-Chili-Dip, dazu Salat<\/span><\/p><h3>Donnerstag, 16.04.<\/h3><p><span class=\"TextRun SCXW72658857 BCX8\" lang=\"DE-DE\" xml:lang=\"DE-DE\" data-contrast=\"none\"><span class=\"NormalTextRun SCXW72658857 BCX8\">Asiatische Nudelpfanne mit knuspriger H\u00e4hnchenbrust<\/span><\/span><br \/><span class=\"TextRun SCXW205062453 BCX8\" lang=\"DE-DE\" xml:lang=\"DE-DE\" data-contrast=\"none\"><span class=\"NormalTextRun SCXW205062453 BCX8\">Asiatische Nudelpfanne (vegetarisch)<\/span><\/span><\/p><h3>Freitag, 17.04.<\/h3><p><span class=\"NormalTextRun SCXW54736126 BCX8\">Linsen mit Saiten und\u00a0<\/span><span class=\"NormalTextRun SCXW54736126 BCX8\">Sp\u00e4tzle<\/span><span class=\"NormalTextRun SCXW54736126 BCX8\">, dazu Salat<\/span><br \/>K\u00e4sesp\u00e4tzle, dazu Salat<\/p>\t\t\t\t\t\t\t\t<\/div>\n\t\t\t\t<\/div>\n\t\t\t\t<\/div>\n\t\t\t\t\t<\/div>\n\t\t\t\t<\/div>\n\t\t\t\t<\/div>\n\t\t","protected":false},"excerpt":{"rendered":"<p>Caf\u00e9teria im Haus der Wirtschaft Die durchg\u00e4ngig ge\u00f6ffnete Caf\u00e9teria im Haus der Wirtschaft l\u00e4dt in den Seminarpausen zum Wohlf\u00fchlen ein mit Kalten und warmen Getr\u00e4nken Pausensnacks Tagesessen Veranstaltungscatering Ihr Ansprechpartnerin Frau Melber Stauffenbergstra\u00dfe 3574523 Schw\u00e4bisch Hall Mobil: 0178 3594930E-Mail: cafeteria-melber@outlook.de Aktueller Speiseplan Tagesessen: mit Fleisch\u00a0 11,50 \u20ac \/ vegetarisch 10,50 \u20ac Montag, 13.04. Hausgemachte Lasagne, [&hellip;]<\/p>\n","protected":false},"author":1,"featured_media":0,"parent":0,"menu_order":9,"comment_status":"closed","ping_status":"closed","template":"","meta":{"footnotes":""},"class_list":["post-43","page","type-page","status-publish","hentry"],"_links":{"self":[{"href":"https:\/\/tz-hall.de\/index.php\/wp-json\/wp\/v2\/pages\/43","targetHints":{"allow":["GET"]}}],"collection":[{"href":"https:\/\/tz-hall.de\/index.php\/wp-json\/wp\/v2\/pages"}],"about":[{"href":"https:\/\/tz-hall.de\/index.php\/wp-json\/wp\/v2\/types\/page"}],"author":[{"embeddable":true,"href":"https:\/\/tz-hall.de\/index.php\/wp-json\/wp\/v2\/users\/1"}],"replies":[{"embeddable":true,"href":"https:\/\/tz-hall.de\/index.php\/wp-json\/wp\/v2\/comments?post=43"}],"version-history":[{"count":190,"href":"https:\/\/tz-hall.de\/index.php\/wp-json\/wp\/v2\/pages\/43\/revisions"}],"predecessor-version":[{"id":7572,"href":"https:\/\/tz-hall.de\/index.php\/wp-json\/wp\/v2\/pages\/43\/revisions\/7572"}],"wp:attachment":[{"href":"https:\/\/tz-hall.de\/index.php\/wp-json\/wp\/v2\/media?parent=43"}],"curies":[{"name":"wp","href":"https:\/\/api.w.org\/{rel}","templated":true}]}}