{"id":33,"date":"2025-02-07T11:46:48","date_gmt":"2025-02-07T10:46:48","guid":{"rendered":"https:\/\/tz-hall.de\/index.php\/ueber-uns\/"},"modified":"2025-04-29T16:17:52","modified_gmt":"2025-04-29T14:17:52","slug":"ueber-uns","status":"publish","type":"page","link":"https:\/\/tz-hall.de\/index.php\/ueber-uns\/","title":{"rendered":"Das teZET"},"content":{"rendered":"\t\t<div data-elementor-type=\"wp-page\" data-elementor-id=\"33\" class=\"elementor elementor-33\" data-elementor-post-type=\"page\">\n\t\t\t\t<div class=\"elementor-element elementor-element-12d058b e-flex e-con-boxed e-con e-parent\" data-id=\"12d058b\" data-element_type=\"container\" data-e-type=\"container\">\n\t\t\t\t\t<div class=\"e-con-inner\">\n\t\t\t\t<div class=\"elementor-element elementor-element-c92f0a5 elementor-widget elementor-widget-image\" data-id=\"c92f0a5\" data-element_type=\"widget\" data-e-type=\"widget\" data-widget_type=\"image.default\">\n\t\t\t\t<div class=\"elementor-widget-container\">\n\t\t\t\t\t\t\t\t\t\t\t\t\t\t\t<img fetchpriority=\"high\" decoding=\"async\" width=\"980\" height=\"653\" src=\"https:\/\/tz-hall.de\/wp-content\/uploads\/2021\/09\/tz-hall-eingang.jpg\" class=\"attachment-full size-full wp-image-2675\" alt=\"\" srcset=\"https:\/\/tz-hall.de\/wp-content\/uploads\/2021\/09\/tz-hall-eingang.jpg 980w, https:\/\/tz-hall.de\/wp-content\/uploads\/2021\/09\/tz-hall-eingang-300x200.jpg 300w, https:\/\/tz-hall.de\/wp-content\/uploads\/2021\/09\/tz-hall-eingang-768x512.jpg 768w\" sizes=\"(max-width: 980px) 100vw, 980px\" \/>\t\t\t\t\t\t\t\t\t\t\t\t\t\t\t<\/div>\n\t\t\t\t<\/div>\n\t\t\t\t<div class=\"elementor-element elementor-element-4b52ef8 elementor-widget elementor-widget-text-editor\" data-id=\"4b52ef8\" data-element_type=\"widget\" data-e-type=\"widget\" data-widget_type=\"text-editor.default\">\n\t\t\t\t<div class=\"elementor-widget-container\">\n\t\t\t\t\t\t\t\t\t<h3 style=\"font-weight: 400;\"><strong>\u00dcber uns \u2013 Ihr Partner f\u00fcr Gr\u00fcndung, Innovation und Netzwerke<\/strong><\/h3><p style=\"font-weight: 400;\">Das <strong>Technologiezentrum Schw\u00e4bisch Hall (teZET)<\/strong> ist eine <strong>Wirtschaftsf\u00f6rdergesellschaft<\/strong> von Stadt und Landkreis Schw\u00e4bisch Hall in Zusammenarbeit mit bedeutenden Unternehmen, Banken und Sparkassen. Als zentrale <strong>Anlaufstelle f\u00fcr Gr\u00fcndung, Innovation und Vernetzung<\/strong> leisten wir einen wichtigen Beitrag zur <strong>Schaffung einer neuen Gr\u00fcnderkultur<\/strong> in der Region.<\/p><p style=\"font-weight: 400;\">Unser Ziel ist es, Gr\u00fcnder, Start-ups sowie etablierte Unternehmen auf ihrem Weg zu begleiten. Wir bieten <strong>umfassende Gr\u00fcndungsberatung<\/strong>, die von der ersten Idee bis hin zur erfolgreichen Unternehmensgr\u00fcndung reicht. Dabei unterst\u00fctzen wir nicht nur bei der Erstellung von <strong>Businesspl\u00e4nen<\/strong>, sondern auch bei <strong>Verhandlungen mit Banken<\/strong> und der Umsetzung innovativer Gesch\u00e4ftsideen. Mit<strong>g\u00fcnstigen B\u00fcro- und Produktionsr\u00e4umen<\/strong> sowie <strong>flexiblen Mietangeboten<\/strong> schaffen wir die idealen Voraussetzungen f\u00fcr die Entwicklung von Unternehmen jeder Gr\u00f6\u00dfe.<\/p><p style=\"font-weight: 400;\">Neben der <strong>Vermietung<\/strong> von modernen B\u00fcro- und Produktionsfl\u00e4chen bieten wir auch <strong>Coworking Spaces<\/strong> und <strong>Seminarr\u00e4ume<\/strong>, die den Raum f\u00fcr kreative Zusammenarbeit und unternehmerische Entwicklung bieten. Ob f\u00fcr Gr\u00fcnder, kleine und mittlere Unternehmen (KMU) oder gro\u00dfe Firmen \u2013 bei uns finden Sie die richtigen R\u00e4umlichkeiten, um Ihre Ideen erfolgreich umzusetzen.<\/p><p style=\"font-weight: 400;\">Ein weiterer wichtiger Bestandteil unseres Angebots sind <strong>Veranstaltungen<\/strong> wie <strong>Workshops<\/strong>, <strong>Vortr\u00e4ge<\/strong> und <strong>Seminare<\/strong>, die sich an<strong>verschiedene Zielgruppen<\/strong> richten \u2013 von Existenzgr\u00fcndern \u00fcber Unternehmer bis hin zu gro\u00dfen Unternehmen. Diese Veranstaltungen decken eine breite Themenpalette ab, von <strong>wirtschaftlichen Aspekten<\/strong> \u00fcber <strong>soziale und interkulturelle Themen<\/strong> bis hin zu<strong>technologischen Innovationen<\/strong>. Unsere <strong>Veranstaltungen<\/strong> f\u00f6rdern den Austausch von Wissen, die Erweiterung von Netzwerken und die Weiterentwicklung unternehmerischer F\u00e4higkeiten.<\/p><p style=\"font-weight: 400;\">Das <strong>teZET<\/strong> ist damit mehr als nur ein Raum \u2013 es ist ein dynamisches <strong>Zentrum f\u00fcr Gr\u00fcndungsberatung<\/strong>, <strong>Vermietung von flexiblen Arbeitsr\u00e4umen<\/strong> und <strong>veranstaltungsorientierte Weiterbildung<\/strong>, das Ihnen die n\u00f6tige Unterst\u00fctzung bietet, um Ihre unternehmerischen Ziele zu erreichen.<\/p>\t\t\t\t\t\t\t\t<\/div>\n\t\t\t\t<\/div>\n\t\t\t\t<div class=\"elementor-element elementor-element-ba64de1 elementor-widget elementor-widget-heading\" data-id=\"ba64de1\" data-element_type=\"widget\" data-e-type=\"widget\" data-widget_type=\"heading.default\">\n\t\t\t\t<div class=\"elementor-widget-container\">\n\t\t\t\t\t<h2 class=\"elementor-heading-title elementor-size-default\">Das Team<\/h2>\t\t\t\t<\/div>\n\t\t\t\t<\/div>\n\t\t\t\t\t<\/div>\n\t\t\t\t<\/div>\n\t\t<div class=\"elementor-element elementor-element-da602a0 e-grid e-con-boxed e-con e-parent\" data-id=\"da602a0\" data-element_type=\"container\" data-e-type=\"container\">\n\t\t\t\t\t<div class=\"e-con-inner\">\n\t\t\t\t<div class=\"elementor-element elementor-element-b9d70b8 elementor-position-left elementor-vertical-align-top elementor-widget elementor-widget-image-box\" data-id=\"b9d70b8\" data-element_type=\"widget\" data-e-type=\"widget\" data-widget_type=\"image-box.default\">\n\t\t\t\t<div class=\"elementor-widget-container\">\n\t\t\t\t\t<div class=\"elementor-image-box-wrapper\"><figure class=\"elementor-image-box-img\"><img decoding=\"async\" width=\"1365\" height=\"2048\" src=\"https:\/\/tz-hall.de\/wp-content\/uploads\/2025\/02\/Katharina-Vogel-Kopie-1365x2048-1.jpg\" class=\"attachment-full size-full wp-image-412\" alt=\"\" srcset=\"https:\/\/tz-hall.de\/wp-content\/uploads\/2025\/02\/Katharina-Vogel-Kopie-1365x2048-1.jpg 1365w, https:\/\/tz-hall.de\/wp-content\/uploads\/2025\/02\/Katharina-Vogel-Kopie-1365x2048-1-200x300.jpg 200w, https:\/\/tz-hall.de\/wp-content\/uploads\/2025\/02\/Katharina-Vogel-Kopie-1365x2048-1-683x1024.jpg 683w, https:\/\/tz-hall.de\/wp-content\/uploads\/2025\/02\/Katharina-Vogel-Kopie-1365x2048-1-768x1152.jpg 768w, https:\/\/tz-hall.de\/wp-content\/uploads\/2025\/02\/Katharina-Vogel-Kopie-1365x2048-1-1024x1536.jpg 1024w\" sizes=\"(max-width: 1365px) 100vw, 1365px\" \/><\/figure><div class=\"elementor-image-box-content\"><h3 class=\"elementor-image-box-title\">Katharina Vogel<\/h3><p class=\"elementor-image-box-description\">Gesch\u00e4ftsleitung<\/br><\/br>\n0791 5801-22<\/br>\nkatharina.vogel@tz-hall.de<\/p><\/div><\/div>\t\t\t\t<\/div>\n\t\t\t\t<\/div>\n\t\t\t\t<div class=\"elementor-element elementor-element-b1f143f elementor-position-left elementor-vertical-align-top elementor-widget elementor-widget-image-box\" data-id=\"b1f143f\" data-element_type=\"widget\" data-e-type=\"widget\" data-widget_type=\"image-box.default\">\n\t\t\t\t<div class=\"elementor-widget-container\">\n\t\t\t\t\t<div class=\"elementor-image-box-wrapper\"><figure class=\"elementor-image-box-img\"><img decoding=\"async\" width=\"533\" height=\"800\" src=\"https:\/\/tz-hall.de\/wp-content\/uploads\/2025\/02\/1912_Technologiezentrum_Klaus-Lindenmeyer-5.jpg\" class=\"attachment-full size-full wp-image-411\" alt=\"\" srcset=\"https:\/\/tz-hall.de\/wp-content\/uploads\/2025\/02\/1912_Technologiezentrum_Klaus-Lindenmeyer-5.jpg 533w, https:\/\/tz-hall.de\/wp-content\/uploads\/2025\/02\/1912_Technologiezentrum_Klaus-Lindenmeyer-5-200x300.jpg 200w\" sizes=\"(max-width: 533px) 100vw, 533px\" \/><\/figure><div class=\"elementor-image-box-content\"><h3 class=\"elementor-image-box-title\">Klaus Lindenmeyer<\/h3><p class=\"elementor-image-box-description\">Gesch\u00e4ftsleitung<\/br><\/br>\n0791 5801-0<\/br>\ninfo@tz-hall.de<\/p><\/div><\/div>\t\t\t\t<\/div>\n\t\t\t\t<\/div>\n\t\t\t\t<div class=\"elementor-element elementor-element-ffdf9e4 elementor-position-left elementor-vertical-align-top elementor-widget elementor-widget-image-box\" data-id=\"ffdf9e4\" data-element_type=\"widget\" data-e-type=\"widget\" data-widget_type=\"image-box.default\">\n\t\t\t\t<div class=\"elementor-widget-container\">\n\t\t\t\t\t<div class=\"elementor-image-box-wrapper\"><figure class=\"elementor-image-box-img\"><img loading=\"lazy\" decoding=\"async\" width=\"1417\" height=\"2126\" src=\"https:\/\/tz-hall.de\/wp-content\/uploads\/2025\/04\/22_03_Packaging-Valley_Jana-Hafner_300dpi-7-002-1.jpg\" class=\"attachment-full size-full wp-image-6875\" alt=\"\" srcset=\"https:\/\/tz-hall.de\/wp-content\/uploads\/2025\/04\/22_03_Packaging-Valley_Jana-Hafner_300dpi-7-002-1.jpg 1417w, https:\/\/tz-hall.de\/wp-content\/uploads\/2025\/04\/22_03_Packaging-Valley_Jana-Hafner_300dpi-7-002-1-200x300.jpg 200w, https:\/\/tz-hall.de\/wp-content\/uploads\/2025\/04\/22_03_Packaging-Valley_Jana-Hafner_300dpi-7-002-1-683x1024.jpg 683w, https:\/\/tz-hall.de\/wp-content\/uploads\/2025\/04\/22_03_Packaging-Valley_Jana-Hafner_300dpi-7-002-1-768x1152.jpg 768w, https:\/\/tz-hall.de\/wp-content\/uploads\/2025\/04\/22_03_Packaging-Valley_Jana-Hafner_300dpi-7-002-1-1024x1536.jpg 1024w, https:\/\/tz-hall.de\/wp-content\/uploads\/2025\/04\/22_03_Packaging-Valley_Jana-Hafner_300dpi-7-002-1-1365x2048.jpg 1365w\" sizes=\"(max-width: 1417px) 100vw, 1417px\" \/><\/figure><div class=\"elementor-image-box-content\"><h3 class=\"elementor-image-box-title\">Jana Hafner<\/h3><p class=\"elementor-image-box-description\">0791 5801-24<\/br>\njana.hafner@tz-hall.de<\/p><\/div><\/div>\t\t\t\t<\/div>\n\t\t\t\t<\/div>\n\t\t\t\t<div class=\"elementor-element elementor-element-f7ad7c1 elementor-position-left elementor-vertical-align-top elementor-widget elementor-widget-image-box\" data-id=\"f7ad7c1\" data-element_type=\"widget\" data-e-type=\"widget\" data-widget_type=\"image-box.default\">\n\t\t\t\t<div class=\"elementor-widget-container\">\n\t\t\t\t\t<div class=\"elementor-image-box-wrapper\"><figure class=\"elementor-image-box-img\"><img loading=\"lazy\" decoding=\"async\" width=\"1417\" height=\"2126\" src=\"https:\/\/tz-hall.de\/wp-content\/uploads\/2025\/02\/Petra-Bronner.jpg\" class=\"attachment-full size-full wp-image-413\" alt=\"\" srcset=\"https:\/\/tz-hall.de\/wp-content\/uploads\/2025\/02\/Petra-Bronner.jpg 1417w, https:\/\/tz-hall.de\/wp-content\/uploads\/2025\/02\/Petra-Bronner-200x300.jpg 200w, https:\/\/tz-hall.de\/wp-content\/uploads\/2025\/02\/Petra-Bronner-683x1024.jpg 683w, https:\/\/tz-hall.de\/wp-content\/uploads\/2025\/02\/Petra-Bronner-768x1152.jpg 768w, https:\/\/tz-hall.de\/wp-content\/uploads\/2025\/02\/Petra-Bronner-1024x1536.jpg 1024w, https:\/\/tz-hall.de\/wp-content\/uploads\/2025\/02\/Petra-Bronner-1365x2048.jpg 1365w\" sizes=\"(max-width: 1417px) 100vw, 1417px\" \/><\/figure><div class=\"elementor-image-box-content\"><h3 class=\"elementor-image-box-title\">Petra Bronner<\/h3><p class=\"elementor-image-box-description\">0791 5801-24<\/br>\npetra.bronner@tz-hall.de<\/p><\/div><\/div>\t\t\t\t<\/div>\n\t\t\t\t<\/div>\n\t\t\t\t\t<\/div>\n\t\t\t\t<\/div>\n\t\t<div class=\"elementor-element elementor-element-d9e4fe8 e-flex e-con-boxed e-con e-parent\" data-id=\"d9e4fe8\" data-element_type=\"container\" data-e-type=\"container\">\n\t\t\t\t\t<div class=\"e-con-inner\">\n\t\t\t\t<div class=\"elementor-element elementor-element-d26fc5d elementor-widget elementor-widget-heading\" data-id=\"d26fc5d\" data-element_type=\"widget\" data-e-type=\"widget\" data-widget_type=\"heading.default\">\n\t\t\t\t<div class=\"elementor-widget-container\">\n\t\t\t\t\t<h2 class=\"elementor-heading-title elementor-size-default\">Gesellschafter<\/h2>\t\t\t\t<\/div>\n\t\t\t\t<\/div>\n\t\t\t\t\t<\/div>\n\t\t\t\t<\/div>\n\t\t<div class=\"elementor-element elementor-element-40b76d3 e-grid e-con-boxed e-con e-parent\" data-id=\"40b76d3\" data-element_type=\"container\" data-e-type=\"container\">\n\t\t\t\t\t<div class=\"e-con-inner\">\n\t\t\t\t<div class=\"elementor-element elementor-element-a8876aa elementor-widget elementor-widget-image\" data-id=\"a8876aa\" data-element_type=\"widget\" data-e-type=\"widget\" data-widget_type=\"image.default\">\n\t\t\t\t<div class=\"elementor-widget-container\">\n\t\t\t\t\t\t\t\t\t\t\t\t\t\t\t\t<a href=\"https:\/\/www.schwaebischhall.de\/de\/startseite\" target=\"_blank\">\n\t\t\t\t\t\t\t<img loading=\"lazy\" decoding=\"async\" width=\"800\" height=\"500\" src=\"https:\/\/tz-hall.de\/wp-content\/uploads\/2025\/02\/logo-stadt-sha.jpg\" class=\"attachment-large size-large wp-image-464\" alt=\"\" srcset=\"https:\/\/tz-hall.de\/wp-content\/uploads\/2025\/02\/logo-stadt-sha.jpg 800w, https:\/\/tz-hall.de\/wp-content\/uploads\/2025\/02\/logo-stadt-sha-300x188.jpg 300w, https:\/\/tz-hall.de\/wp-content\/uploads\/2025\/02\/logo-stadt-sha-768x480.jpg 768w\" sizes=\"(max-width: 800px) 100vw, 800px\" \/>\t\t\t\t\t\t\t\t<\/a>\n\t\t\t\t\t\t\t\t\t\t\t\t\t\t\t<\/div>\n\t\t\t\t<\/div>\n\t\t\t\t<div class=\"elementor-element elementor-element-c1496a7 elementor-widget elementor-widget-image\" data-id=\"c1496a7\" data-element_type=\"widget\" data-e-type=\"widget\" data-widget_type=\"image.default\">\n\t\t\t\t<div class=\"elementor-widget-container\">\n\t\t\t\t\t\t\t\t\t\t\t\t\t\t\t\t<a href=\"https:\/\/wfgsha.de\/\" target=\"_blank\">\n\t\t\t\t\t\t\t<img loading=\"lazy\" decoding=\"async\" width=\"800\" height=\"500\" src=\"https:\/\/tz-hall.de\/wp-content\/uploads\/2025\/02\/logo-wfg-sha.jpg\" class=\"attachment-large size-large wp-image-467\" alt=\"\" srcset=\"https:\/\/tz-hall.de\/wp-content\/uploads\/2025\/02\/logo-wfg-sha.jpg 800w, https:\/\/tz-hall.de\/wp-content\/uploads\/2025\/02\/logo-wfg-sha-300x188.jpg 300w, https:\/\/tz-hall.de\/wp-content\/uploads\/2025\/02\/logo-wfg-sha-768x480.jpg 768w\" sizes=\"(max-width: 800px) 100vw, 800px\" \/>\t\t\t\t\t\t\t\t<\/a>\n\t\t\t\t\t\t\t\t\t\t\t\t\t\t\t<\/div>\n\t\t\t\t<\/div>\n\t\t\t\t<div class=\"elementor-element elementor-element-a04dd93 elementor-widget elementor-widget-image\" data-id=\"a04dd93\" data-element_type=\"widget\" data-e-type=\"widget\" data-widget_type=\"image.default\">\n\t\t\t\t<div class=\"elementor-widget-container\">\n\t\t\t\t\t\t\t\t\t\t\t\t\t\t\t\t<a href=\"https:\/\/www.schwaebisch-hall.de\/\" target=\"_blank\">\n\t\t\t\t\t\t\t<img loading=\"lazy\" decoding=\"async\" width=\"800\" height=\"500\" src=\"https:\/\/tz-hall.de\/wp-content\/uploads\/2025\/02\/logo-schwaebisch-hall.jpg\" class=\"attachment-large size-large wp-image-462\" alt=\"\" srcset=\"https:\/\/tz-hall.de\/wp-content\/uploads\/2025\/02\/logo-schwaebisch-hall.jpg 800w, https:\/\/tz-hall.de\/wp-content\/uploads\/2025\/02\/logo-schwaebisch-hall-300x188.jpg 300w, https:\/\/tz-hall.de\/wp-content\/uploads\/2025\/02\/logo-schwaebisch-hall-768x480.jpg 768w\" sizes=\"(max-width: 800px) 100vw, 800px\" \/>\t\t\t\t\t\t\t\t<\/a>\n\t\t\t\t\t\t\t\t\t\t\t\t\t\t\t<\/div>\n\t\t\t\t<\/div>\n\t\t\t\t<div class=\"elementor-element elementor-element-386429a elementor-widget elementor-widget-image\" data-id=\"386429a\" data-element_type=\"widget\" data-e-type=\"widget\" data-widget_type=\"image.default\">\n\t\t\t\t<div class=\"elementor-widget-container\">\n\t\t\t\t\t\t\t\t\t\t\t\t\t\t\t\t<a href=\"https:\/\/www.optima-packaging.com\/de\" target=\"_blank\">\n\t\t\t\t\t\t\t<img loading=\"lazy\" decoding=\"async\" width=\"800\" height=\"500\" src=\"https:\/\/tz-hall.de\/wp-content\/uploads\/2025\/02\/logo-optima.jpg\" class=\"attachment-large size-large wp-image-461\" alt=\"\" srcset=\"https:\/\/tz-hall.de\/wp-content\/uploads\/2025\/02\/logo-optima.jpg 800w, https:\/\/tz-hall.de\/wp-content\/uploads\/2025\/02\/logo-optima-300x188.jpg 300w, https:\/\/tz-hall.de\/wp-content\/uploads\/2025\/02\/logo-optima-768x480.jpg 768w\" sizes=\"(max-width: 800px) 100vw, 800px\" \/>\t\t\t\t\t\t\t\t<\/a>\n\t\t\t\t\t\t\t\t\t\t\t\t\t\t\t<\/div>\n\t\t\t\t<\/div>\n\t\t\t\t<div class=\"elementor-element elementor-element-e57a543 elementor-widget elementor-widget-image\" data-id=\"e57a543\" data-element_type=\"widget\" data-e-type=\"widget\" data-widget_type=\"image.default\">\n\t\t\t\t<div class=\"elementor-widget-container\">\n\t\t\t\t\t\t\t\t\t\t\t\t\t\t\t\t<a href=\"https:\/\/www.sparkasse-sha.de\/de\/home.html\" target=\"_blank\">\n\t\t\t\t\t\t\t<img loading=\"lazy\" decoding=\"async\" width=\"800\" height=\"500\" src=\"https:\/\/tz-hall.de\/wp-content\/uploads\/2025\/02\/logo-sparkasse-sha-cr.jpg\" class=\"attachment-large size-large wp-image-463\" alt=\"\" srcset=\"https:\/\/tz-hall.de\/wp-content\/uploads\/2025\/02\/logo-sparkasse-sha-cr.jpg 800w, https:\/\/tz-hall.de\/wp-content\/uploads\/2025\/02\/logo-sparkasse-sha-cr-300x188.jpg 300w, https:\/\/tz-hall.de\/wp-content\/uploads\/2025\/02\/logo-sparkasse-sha-cr-768x480.jpg 768w\" sizes=\"(max-width: 800px) 100vw, 800px\" \/>\t\t\t\t\t\t\t\t<\/a>\n\t\t\t\t\t\t\t\t\t\t\t\t\t\t\t<\/div>\n\t\t\t\t<\/div>\n\t\t\t\t<div class=\"elementor-element elementor-element-28200c6 elementor-widget elementor-widget-image\" data-id=\"28200c6\" data-element_type=\"widget\" data-e-type=\"widget\" data-widget_type=\"image.default\">\n\t\t\t\t<div class=\"elementor-widget-container\">\n\t\t\t\t\t\t\t\t\t\t\t\t\t\t\t\t<a href=\"https:\/\/www.stego-group.com\/de\/\" target=\"_blank\">\n\t\t\t\t\t\t\t<img loading=\"lazy\" decoding=\"async\" width=\"800\" height=\"500\" src=\"https:\/\/tz-hall.de\/wp-content\/uploads\/2025\/04\/logo-stego.jpg\" class=\"attachment-large size-large wp-image-7134\" alt=\"\" srcset=\"https:\/\/tz-hall.de\/wp-content\/uploads\/2025\/04\/logo-stego.jpg 800w, https:\/\/tz-hall.de\/wp-content\/uploads\/2025\/04\/logo-stego-300x188.jpg 300w, https:\/\/tz-hall.de\/wp-content\/uploads\/2025\/04\/logo-stego-768x480.jpg 768w\" sizes=\"(max-width: 800px) 100vw, 800px\" \/>\t\t\t\t\t\t\t\t<\/a>\n\t\t\t\t\t\t\t\t\t\t\t\t\t\t\t<\/div>\n\t\t\t\t<\/div>\n\t\t\t\t<div class=\"elementor-element elementor-element-c4a8308 elementor-widget elementor-widget-image\" data-id=\"c4a8308\" data-element_type=\"widget\" data-e-type=\"widget\" data-widget_type=\"image.default\">\n\t\t\t\t<div class=\"elementor-widget-container\">\n\t\t\t\t\t\t\t\t\t\t\t\t\t\t\t\t<a href=\"https:\/\/tz-hall.de\/index.php\/startseite\/\">\n\t\t\t\t\t\t\t<img loading=\"lazy\" decoding=\"async\" width=\"800\" height=\"500\" src=\"https:\/\/tz-hall.de\/wp-content\/uploads\/2025\/02\/teZET-Logo.png\" class=\"attachment-large size-large wp-image-469\" alt=\"\" srcset=\"https:\/\/tz-hall.de\/wp-content\/uploads\/2025\/02\/teZET-Logo.png 800w, https:\/\/tz-hall.de\/wp-content\/uploads\/2025\/02\/teZET-Logo-300x188.png 300w, https:\/\/tz-hall.de\/wp-content\/uploads\/2025\/02\/teZET-Logo-768x480.png 768w\" sizes=\"(max-width: 800px) 100vw, 800px\" \/>\t\t\t\t\t\t\t\t<\/a>\n\t\t\t\t\t\t\t\t\t\t\t\t\t\t\t<\/div>\n\t\t\t\t<\/div>\n\t\t\t\t<div class=\"elementor-element elementor-element-9a30af6 elementor-widget elementor-widget-image\" data-id=\"9a30af6\" data-element_type=\"widget\" data-e-type=\"widget\" data-widget_type=\"image.default\">\n\t\t\t\t<div class=\"elementor-widget-container\">\n\t\t\t\t\t\t\t\t\t\t\t\t\t\t\t\t<a href=\"https:\/\/www.vrbank-hsh.de\/homepage.html\" target=\"_blank\">\n\t\t\t\t\t\t\t<img loading=\"lazy\" decoding=\"async\" width=\"800\" height=\"500\" src=\"https:\/\/tz-hall.de\/wp-content\/uploads\/2025\/02\/logo-vr-bank-heilbronn-sha.jpg\" class=\"attachment-large size-large wp-image-466\" alt=\"\" srcset=\"https:\/\/tz-hall.de\/wp-content\/uploads\/2025\/02\/logo-vr-bank-heilbronn-sha.jpg 800w, https:\/\/tz-hall.de\/wp-content\/uploads\/2025\/02\/logo-vr-bank-heilbronn-sha-300x188.jpg 300w, https:\/\/tz-hall.de\/wp-content\/uploads\/2025\/02\/logo-vr-bank-heilbronn-sha-768x480.jpg 768w\" sizes=\"(max-width: 800px) 100vw, 800px\" \/>\t\t\t\t\t\t\t\t<\/a>\n\t\t\t\t\t\t\t\t\t\t\t\t\t\t\t<\/div>\n\t\t\t\t<\/div>\n\t\t\t\t<div class=\"elementor-element elementor-element-d19b5bb elementor-widget elementor-widget-image\" data-id=\"d19b5bb\" data-element_type=\"widget\" data-e-type=\"widget\" data-widget_type=\"image.default\">\n\t\t\t\t<div class=\"elementor-widget-container\">\n\t\t\t\t\t\t\t\t\t\t\t\t\t\t\t\t<a href=\"https:\/\/www.wuerth.de\/\" target=\"_blank\">\n\t\t\t\t\t\t\t<img loading=\"lazy\" decoding=\"async\" width=\"800\" height=\"500\" src=\"https:\/\/tz-hall.de\/wp-content\/uploads\/2025\/02\/logo-wuerth.jpg\" class=\"attachment-large size-large wp-image-468\" alt=\"\" srcset=\"https:\/\/tz-hall.de\/wp-content\/uploads\/2025\/02\/logo-wuerth.jpg 800w, https:\/\/tz-hall.de\/wp-content\/uploads\/2025\/02\/logo-wuerth-300x188.jpg 300w, https:\/\/tz-hall.de\/wp-content\/uploads\/2025\/02\/logo-wuerth-768x480.jpg 768w\" sizes=\"(max-width: 800px) 100vw, 800px\" \/>\t\t\t\t\t\t\t\t<\/a>\n\t\t\t\t\t\t\t\t\t\t\t\t\t\t\t<\/div>\n\t\t\t\t<\/div>\n\t\t\t\t\t<\/div>\n\t\t\t\t<\/div>\n\t\t\t\t<\/div>\n\t\t","protected":false},"excerpt":{"rendered":"<p>\u00dcber uns \u2013 Ihr Partner f\u00fcr Gr\u00fcndung, Innovation und Netzwerke Das Technologiezentrum Schw\u00e4bisch Hall (teZET) ist eine Wirtschaftsf\u00f6rdergesellschaft von Stadt und Landkreis Schw\u00e4bisch Hall in Zusammenarbeit mit bedeutenden Unternehmen, Banken und Sparkassen. Als zentrale Anlaufstelle f\u00fcr Gr\u00fcndung, Innovation und Vernetzung leisten wir einen wichtigen Beitrag zur Schaffung einer neuen Gr\u00fcnderkultur in der Region. Unser Ziel [&hellip;]<\/p>\n","protected":false},"author":1,"featured_media":0,"parent":0,"menu_order":4,"comment_status":"closed","ping_status":"closed","template":"","meta":{"footnotes":""},"class_list":["post-33","page","type-page","status-publish","hentry"],"_links":{"self":[{"href":"https:\/\/tz-hall.de\/index.php\/wp-json\/wp\/v2\/pages\/33","targetHints":{"allow":["GET"]}}],"collection":[{"href":"https:\/\/tz-hall.de\/index.php\/wp-json\/wp\/v2\/pages"}],"about":[{"href":"https:\/\/tz-hall.de\/index.php\/wp-json\/wp\/v2\/types\/page"}],"author":[{"embeddable":true,"href":"https:\/\/tz-hall.de\/index.php\/wp-json\/wp\/v2\/users\/1"}],"replies":[{"embeddable":true,"href":"https:\/\/tz-hall.de\/index.php\/wp-json\/wp\/v2\/comments?post=33"}],"version-history":[{"count":61,"href":"https:\/\/tz-hall.de\/index.php\/wp-json\/wp\/v2\/pages\/33\/revisions"}],"predecessor-version":[{"id":7317,"href":"https:\/\/tz-hall.de\/index.php\/wp-json\/wp\/v2\/pages\/33\/revisions\/7317"}],"wp:attachment":[{"href":"https:\/\/tz-hall.de\/index.php\/wp-json\/wp\/v2\/media?parent=33"}],"curies":[{"name":"wp","href":"https:\/\/api.w.org\/{rel}","templated":true}]}}