{"id":29,"date":"2025-02-07T11:46:48","date_gmt":"2025-02-07T10:46:48","guid":{"rendered":"https:\/\/tz-hall.de\/index.php\/vermietung\/"},"modified":"2025-04-09T13:48:31","modified_gmt":"2025-04-09T11:48:31","slug":"vermietung","status":"publish","type":"page","link":"https:\/\/tz-hall.de\/index.php\/startseite\/vermietung\/","title":{"rendered":"Vermietung"},"content":{"rendered":"\t\t<div data-elementor-type=\"wp-page\" data-elementor-id=\"29\" class=\"elementor elementor-29\" data-elementor-post-type=\"page\">\n\t\t\t\t<div class=\"elementor-element elementor-element-79d8b20 e-flex e-con-boxed e-con e-parent\" data-id=\"79d8b20\" data-element_type=\"container\" data-e-type=\"container\">\n\t\t\t\t\t<div class=\"e-con-inner\">\n\t\t<div class=\"elementor-element elementor-element-e068b6e e-con-full e-flex e-con e-child\" data-id=\"e068b6e\" data-element_type=\"container\" data-e-type=\"container\" data-settings=\"{&quot;background_background&quot;:&quot;classic&quot;}\">\n\t\t<div class=\"elementor-element elementor-element-e9e5592 e-con-full e-flex e-con e-child\" data-id=\"e9e5592\" data-element_type=\"container\" data-e-type=\"container\">\n\t\t<div class=\"elementor-element elementor-element-3cf35c5 e-con-full e-flex e-con e-child\" data-id=\"3cf35c5\" data-element_type=\"container\" data-e-type=\"container\" data-settings=\"{&quot;background_background&quot;:&quot;classic&quot;}\">\n\t\t\t\t<div class=\"elementor-element elementor-element-1cdcefa2 elementor-widget elementor-widget-text-editor\" data-id=\"1cdcefa2\" data-element_type=\"widget\" data-e-type=\"widget\" data-widget_type=\"text-editor.default\">\n\t\t\t\t<div class=\"elementor-widget-container\">\n\t\t\t\t\t\t\t\t\t\n<h3><strong>Flexible Mietangebote im teZET \u2013 Raum f\u00fcr Ihre Ideen<\/strong><\/h3>\n\n<p style=\"font-weight: 400;\">Das Technologiezentrum Schw\u00e4bisch Hall (teZET) bietet Ihnen die perfekte Umgebung.<\/p>\n<p style=\"font-weight: 400;\">Hier finden Sie:<\/p>\n<ul style=\"font-weight: 400;\">\n<li><strong>G\u00fcnstige B\u00fcros<\/strong> in verschiedenen Gr\u00f6\u00dfen<\/li>\n<li><strong>Lager- und Produktionshallen<\/strong> f\u00fcr Ihre Projekte<\/li>\n<li><strong>Seminarr\u00e4ume<\/strong> f\u00fcr Veranstaltungen<\/li>\n<li>Einen modernen <strong>Coworking Space<\/strong> f\u00fcr flexible Arbeitsm\u00f6glichkeiten<br \/><br \/><\/li>\n<\/ul>\n<p style=\"font-weight: 400;\">Unsere <strong>fairen Preise<\/strong> und <strong>flexiblen Mietbedingungen<\/strong> geben Ihnen die Freiheit, sich auf Ihr Unternehmen zu konzentrieren. Profitieren Sie von einer modernen Infrastruktur, schnellen Internetverbindungen und einem inspirierenden Netzwerk aus Unternehmern und Experten.<\/p>\n\t\t\t\t\t\t\t\t<\/div>\n\t\t\t\t<\/div>\n\t\t\t\t<\/div>\n\t\t<div class=\"elementor-element elementor-element-2e28373 e-con-full e-flex e-con e-child\" data-id=\"2e28373\" data-element_type=\"container\" data-e-type=\"container\" data-settings=\"{&quot;background_background&quot;:&quot;classic&quot;}\">\n\t\t\t\t<div class=\"elementor-element elementor-element-8b5d567 elementor-widget elementor-widget-text-editor\" data-id=\"8b5d567\" data-element_type=\"widget\" data-e-type=\"widget\" data-widget_type=\"text-editor.default\">\n\t\t\t\t<div class=\"elementor-widget-container\">\n\t\t\t\t\t\t\t\t\t<h3><strong>Lager- und Produktionshallen des teZET<br \/>Platz f\u00fcr Wachstum und Innovation<\/strong><\/h3>\n<p><!-- \/wp:paragraph --><!-- wp:paragraph --><\/p>\n<p style=\"font-weight: 400;\">Suchen Sie nach gro\u00dfz\u00fcgigen Fl\u00e4chen f\u00fcr Ihr Unternehmen? Unsere <strong>Lager- und Produktionshallen<\/strong> im teZET\u00a0bieten Ihnen die perfekte L\u00f6sung. Egal, ob Sie zus\u00e4tzliche Lagerkapazit\u00e4ten ben\u00f6tigen oder Produktionsr\u00e4ume f\u00fcr Ihre Fertigung suchen \u2013 wir haben die passende Fl\u00e4che f\u00fcr Sie.<\/p>\n<p style=\"font-weight: 400;\">Unsere Hallen sind <strong>bestens ausgestattet<\/strong> mit allen notwendigen Versorgungsanschl\u00fcssen und bieten eine <strong>ideale Infrastruktur<\/strong> f\u00fcr Ihre betrieblichen \u00a0Anforderungen.<\/p>\n<p style=\"font-weight: 400;\"><strong>Flexible Mietmodelle<\/strong> und <strong>attraktive Preise <\/strong>erm\u00f6glichen es Ihnen, die Fl\u00e4chen entsprechend Ihrem Unternehmenswachstum anzupassen.<\/p>\n<p style=\"font-weight: 400;\">Die <strong>zentrale Lage<\/strong> und <strong>gute Anbindung<\/strong> machen unsere Hallen zu einem idealen Standort f\u00fcr Unternehmen, die sowohl lagern als auch produzieren m\u00f6chten.<\/p>\n<p><!-- \/wp:paragraph --><!-- wp:paragraph --><\/p>\n<p><!-- \/wp:paragraph --><!-- wp:paragraph --><\/p>\n<p><!-- \/wp:paragraph --><\/p>\t\t\t\t\t\t\t\t<\/div>\n\t\t\t\t<\/div>\n\t\t\t\t<\/div>\n\t\t\t\t<\/div>\n\t\t<div class=\"elementor-element elementor-element-62e7e3b e-con-full e-flex e-con e-child\" data-id=\"62e7e3b\" data-element_type=\"container\" data-e-type=\"container\">\n\t\t<div class=\"elementor-element elementor-element-ad85586 e-con-full e-flex e-con e-child\" data-id=\"ad85586\" data-element_type=\"container\" data-e-type=\"container\" data-settings=\"{&quot;background_background&quot;:&quot;classic&quot;}\">\n\t\t\t\t<div class=\"elementor-element elementor-element-12347ec elementor-widget elementor-widget-text-editor\" data-id=\"12347ec\" data-element_type=\"widget\" data-e-type=\"widget\" data-widget_type=\"text-editor.default\">\n\t\t\t\t<div class=\"elementor-widget-container\">\n\t\t\t\t\t\t\t\t\t<!-- wp:paragraph --><!-- \/wp:paragraph --><!-- wp:paragraph --><!-- \/wp:paragraph --><!-- wp:paragraph -->\n<h3><strong>Seminarr\u00e4ume im teZET<\/strong><br \/><strong>Ihr perfekter Veranstaltungsort<\/strong><\/h3>\n<!-- \/wp:paragraph --><!-- wp:paragraph -->\n<p style=\"font-weight: 400;\">Unsere <strong>Seminarr\u00e4ume<\/strong> bieten den idealen Rahmen f\u00fcr <strong>Workshops<\/strong>, <strong>Schulungen<\/strong>, <strong>Meetings<\/strong> und mehr.<\/p>\n<p style=\"font-weight: 400;\">Mit modernster Technik und flexiblen Raumkonzepten sind sie perfekt f\u00fcr kleine bis gr\u00f6\u00dfere Veranstaltungen geeignet \u2013 <strong>bis zu 60 Personen<\/strong> finden hier Platz.<\/p>\n<p style=\"font-weight: 400;\">Die zentrale Lage macht sie ideal f\u00fcr externe Teilnehmer. Genie\u00dfen Sie eine angenehme Atmosph\u00e4re,\u00a0kostenfreies WLAN und die M\u00f6glichkeit, Catering-Dienste zu buchen.<\/p>\n<p style=\"font-weight: 400;\">Unsere R\u00e4ume sind die perfekte Wahl f\u00fcr Unternehmen, die auf professionelle und flexible Rauml\u00f6sungen setzen.<\/p>\n<p style=\"font-weight: 400;\">Unsere Preislisten finden Sie weiter unten auf dieser Seite.<\/p>\n<!-- \/wp:paragraph --><!-- wp:paragraph --><!-- \/wp:paragraph -->\t\t\t\t\t\t\t\t<\/div>\n\t\t\t\t<\/div>\n\t\t\t\t<\/div>\n\t\t<div class=\"elementor-element elementor-element-e03b48e e-con-full e-flex e-con e-child\" data-id=\"e03b48e\" data-element_type=\"container\" data-e-type=\"container\" data-settings=\"{&quot;background_background&quot;:&quot;classic&quot;}\">\n\t\t\t\t<div class=\"elementor-element elementor-element-f665de0 elementor-widget elementor-widget-text-editor\" data-id=\"f665de0\" data-element_type=\"widget\" data-e-type=\"widget\" data-widget_type=\"text-editor.default\">\n\t\t\t\t<div class=\"elementor-widget-container\">\n\t\t\t\t\t\t\t\t\t<h3><strong>Oder buchen Sie unseren Coworking Space<\/strong><\/h3>\t\t\t\t\t\t\t\t<\/div>\n\t\t\t\t<\/div>\n\t\t\t\t<div class=\"elementor-element elementor-element-d59e8b1 elementor-widget elementor-widget-image\" data-id=\"d59e8b1\" data-element_type=\"widget\" data-e-type=\"widget\" data-widget_type=\"image.default\">\n\t\t\t\t<div class=\"elementor-widget-container\">\n\t\t\t\t\t\t\t\t\t\t\t\t\t\t\t\t<a href=\"https:\/\/coworking-sha.de\" target=\"_blank\">\n\t\t\t\t\t\t\t<img fetchpriority=\"high\" decoding=\"async\" width=\"652\" height=\"188\" src=\"https:\/\/tz-hall.de\/wp-content\/uploads\/2025\/03\/HALLoSPACE-logo-white.svg\" class=\"attachment-large size-large wp-image-6733\" alt=\"\" \/>\t\t\t\t\t\t\t\t<\/a>\n\t\t\t\t\t\t\t\t\t\t\t\t\t\t\t<\/div>\n\t\t\t\t<\/div>\n\t\t\t\t<div class=\"elementor-element elementor-element-fe7a14b elementor-widget elementor-widget-text-editor\" data-id=\"fe7a14b\" data-element_type=\"widget\" data-e-type=\"widget\" data-widget_type=\"text-editor.default\">\n\t\t\t\t<div class=\"elementor-widget-container\">\n\t\t\t\t\t\t\t\t\t<p><strong><!-- wp:paragraph --><!-- \/wp:paragraph --><!-- wp:paragraph --><!-- \/wp:paragraph --><!-- wp:paragraph --><\/strong><\/p>\n<p><strong>Kontaktieren Sie uns noch heute f\u00fcr Ihre n\u00e4chste Veranstaltung und um mehr \u00fcber unsere Lager- und Produktionshallen zu erfahren, damit Sie die ideale Fl\u00e4che f\u00fcr Ihr Unternehmen finden!<\/strong><\/p>\n<p><strong>Anfragen und Ausk\u00fcnfte \u00fcber info@tz-hall.de<\/strong><br \/><strong>Ausk\u00fcnfte: Tel.: 0791 5801 24<\/strong><\/p>\n<p>\u00a0<\/p>\n<p>\u00a0<\/p>\n<p><strong><!-- \/wp:paragraph --><!-- wp:paragraph --><!-- \/wp:paragraph --><\/strong><\/p>\t\t\t\t\t\t\t\t<\/div>\n\t\t\t\t<\/div>\n\t\t\t\t<\/div>\n\t\t\t\t<\/div>\n\t\t\t\t<div class=\"elementor-element elementor-element-a022b4a elementor-widget elementor-widget-text-editor\" data-id=\"a022b4a\" data-element_type=\"widget\" data-e-type=\"widget\" data-widget_type=\"text-editor.default\">\n\t\t\t\t<div class=\"elementor-widget-container\">\n\t\t\t\t\t\t\t\t\t<h2>Preisliste der Seminarr\u00e4ume<\/h2>\n<p>(g\u00fcltig ab 01. Januar 2025)\u00a0<\/p>\n<h3>teZET \/ Haus der Wirtschaft Stauffenbergstra\u00dfe 35-37<\/h3>\n\n<table id=\"tablepress-1\" class=\"tablepress tablepress-id-1\">\n<thead>\n<tr class=\"row-1\">\n\t<th class=\"column-1\">Raum<\/th><th class=\"column-2\">Personen **)<\/th><th class=\"column-3\">1\/2 Tag = bis 4,5 Std)<\/th><th class=\"column-4\">1 Tag<\/th><th class=\"column-5\">Gr\u00f6\u00dfe<\/th>\n<\/tr>\n<\/thead>\n<tbody class=\"row-striping row-hover\">\n<tr class=\"row-2\">\n\t<td class=\"column-1\">VR-Bank<\/td><td class=\"column-2\">30 <\/td><td class=\"column-3\">105,00 \u20ac<\/td><td class=\"column-4\">150,00\u20ac<\/td><td class=\"column-5\">77 m\u00b2<\/td>\n<\/tr>\n<tr class=\"row-3\">\n\t<td class=\"column-1\">Comburg<\/td><td class=\"column-2\">30 <\/td><td class=\"column-3\">90,00 \u20ac<\/td><td class=\"column-4\">130,00 \u20ac<\/td><td class=\"column-5\">77 m\u00b2<\/td>\n<\/tr>\n<tr class=\"row-4\">\n\t<td class=\"column-1\">Stadtwerke<\/td><td class=\"column-2\">9<\/td><td class=\"column-3\">65,00 \u20ac<\/td><td class=\"column-4\">90,00 \u20ac<\/td><td class=\"column-5\">34 m\u00b2<\/td>\n<\/tr>\n<tr class=\"row-5\">\n\t<td class=\"column-1\">Stego<\/td><td class=\"column-2\">15<\/td><td class=\"column-3\">85,00 \u20ac<\/td><td class=\"column-4\">120,00 \u20ac<\/td><td class=\"column-5\">46 m\u00b2<\/td>\n<\/tr>\n<tr class=\"row-6\">\n\t<td class=\"column-1\">Reifenhof<\/td><td class=\"column-2\">18<\/td><td class=\"column-3\">70,00 \u20ac<\/td><td class=\"column-4\">100,00 \u20ac<\/td><td class=\"column-5\">46 m\u00b2<\/td>\n<\/tr>\n<\/tbody>\n<\/table>\n<!-- #tablepress-1 from cache -->\n<h3>Seminarhaus Geschwister-Scholl-Stra\u00dfe 77<\/h3>\n\n<table id=\"tablepress-2\" class=\"tablepress tablepress-id-2\">\n<thead>\n<tr class=\"row-1\">\n\t<th class=\"column-1\">Raum<\/th><th class=\"column-2\">Personen **)<\/th><th class=\"column-3\">1\/2 Tag = bis 4,5 Std)<\/th><th class=\"column-4\">1 Tag<\/th><th class=\"column-5\">Gr\u00f6\u00dfe<\/th>\n<\/tr>\n<\/thead>\n<tbody class=\"row-striping row-hover\">\n<tr class=\"row-2\">\n\t<td class=\"column-1\">Kocher<\/td><td class=\"column-2\">30 <\/td><td class=\"column-3\">80,00 \u20ac<\/td><td class=\"column-4\">110,00 \u20ac<\/td><td class=\"column-5\">77 m\u00b2<\/td>\n<\/tr>\n<tr class=\"row-3\">\n\t<td class=\"column-1\">Steinbach<\/td><td class=\"column-2\">30<\/td><td class=\"column-3\">80,00 \u20ac<\/td><td class=\"column-4\">110,00 \u20ac<\/td><td class=\"column-5\">76 m\u00b2<\/td>\n<\/tr>\n<tr class=\"row-4\">\n\t<td class=\"column-1\">Teurershof\/Gr\u00fcndle<\/td><td class=\"column-2\">60<\/td><td class=\"column-3\">110,00 \u20ac<\/td><td class=\"column-4\">150,00 \u20ac<\/td><td class=\"column-5\">150 m\u00b2<\/td>\n<\/tr>\n<\/tbody>\n<\/table>\n<!-- #tablepress-2 from cache -->\n<p><em>*) alle Preise zzgl. 19% MwSt<\/em><br \/><em>**) abh\u00e4ngig von Bestuhlung<\/em><\/p>\n<h3>Standartaustattung<\/h3>\n<p><strong>Beamer \/ Whiteboard \/ 1 Flipchart inkl 1 Flipchartblock \/ 1 Metaplanwand<\/strong><\/p>\n\n<table id=\"tablepress-3\" class=\"tablepress tablepress-id-3\">\n<thead>\n<tr class=\"row-1\">\n\t<th class=\"column-1\">EXTRAS<\/th><th class=\"column-2\">Pauschal<\/th>\n<\/tr>\n<\/thead>\n<tbody class=\"row-striping row-hover\">\n<tr class=\"row-2\">\n\t<td class=\"column-1\">Dokumentenkamera (Visualizer) \/ Tag<\/td><td class=\"column-2\">35,00 \u20ac<\/td>\n<\/tr>\n<tr class=\"row-3\">\n\t<td class=\"column-1\">je Flipchart (-block) zus\u00e4tzlich<\/td><td class=\"column-2\">8,00 \u20ac<\/td>\n<\/tr>\n<tr class=\"row-4\">\n\t<td class=\"column-1\">zus\u00e4tzlicher Raumservice, je angef. Stunde<\/td><td class=\"column-2\">25,00 \u20ac<\/td>\n<\/tr>\n<\/tbody>\n<\/table>\n<!-- #tablepress-3 from cache -->\n<p><em><strong>R\u00fccktritt: Bei Stornierungen &lt; als 3 Tage vor Veranstaltungsbeginn berechnen wir 50% der Miete. F\u00e4llt die Veranstaltung ohne vorherige R\u00fccktrittsmeldung aus, ist die gesamte Miete zu entrichten.<\/strong><\/em><\/p>\t\t\t\t\t\t\t\t<\/div>\n\t\t\t\t<\/div>\n\t\t\t\t<\/div>\n\t\t\t\t\t<\/div>\n\t\t\t\t<\/div>\n\t\t\t\t<\/div>\n\t\t","protected":false},"excerpt":{"rendered":"<p>Flexible Mietangebote im teZET \u2013 Raum f\u00fcr Ihre Ideen Das Technologiezentrum Schw\u00e4bisch Hall (teZET) bietet Ihnen die perfekte Umgebung. Hier finden Sie: G\u00fcnstige B\u00fcros in verschiedenen Gr\u00f6\u00dfen Lager- und Produktionshallen f\u00fcr Ihre Projekte Seminarr\u00e4ume f\u00fcr Veranstaltungen Einen modernen Coworking Space f\u00fcr flexible Arbeitsm\u00f6glichkeiten Unsere fairen Preise und flexiblen Mietbedingungen geben Ihnen die Freiheit, sich auf [&hellip;]<\/p>\n","protected":false},"author":1,"featured_media":0,"parent":2099,"menu_order":14,"comment_status":"closed","ping_status":"closed","template":"","meta":{"footnotes":""},"class_list":["post-29","page","type-page","status-publish","hentry"],"_links":{"self":[{"href":"https:\/\/tz-hall.de\/index.php\/wp-json\/wp\/v2\/pages\/29","targetHints":{"allow":["GET"]}}],"collection":[{"href":"https:\/\/tz-hall.de\/index.php\/wp-json\/wp\/v2\/pages"}],"about":[{"href":"https:\/\/tz-hall.de\/index.php\/wp-json\/wp\/v2\/types\/page"}],"author":[{"embeddable":true,"href":"https:\/\/tz-hall.de\/index.php\/wp-json\/wp\/v2\/users\/1"}],"replies":[{"embeddable":true,"href":"https:\/\/tz-hall.de\/index.php\/wp-json\/wp\/v2\/comments?post=29"}],"version-history":[{"count":73,"href":"https:\/\/tz-hall.de\/index.php\/wp-json\/wp\/v2\/pages\/29\/revisions"}],"predecessor-version":[{"id":7104,"href":"https:\/\/tz-hall.de\/index.php\/wp-json\/wp\/v2\/pages\/29\/revisions\/7104"}],"up":[{"embeddable":true,"href":"https:\/\/tz-hall.de\/index.php\/wp-json\/wp\/v2\/pages\/2099"}],"wp:attachment":[{"href":"https:\/\/tz-hall.de\/index.php\/wp-json\/wp\/v2\/media?parent=29"}],"curies":[{"name":"wp","href":"https:\/\/api.w.org\/{rel}","templated":true}]}}