{"id":15,"date":"2024-03-18T14:26:26","date_gmt":"2024-03-18T13:26:26","guid":{"rendered":"https:\/\/tz-hall.de\/?page_id=15"},"modified":"2025-03-31T15:02:52","modified_gmt":"2025-03-31T13:02:52","slug":"kontakt","status":"publish","type":"page","link":"https:\/\/tz-hall.de\/index.php\/kontakt\/","title":{"rendered":"Kontakt"},"content":{"rendered":"\t\t<div data-elementor-type=\"wp-page\" data-elementor-id=\"15\" class=\"elementor elementor-15\" data-elementor-post-type=\"page\">\n\t\t\t\t<div class=\"elementor-element elementor-element-cea2948 e-flex e-con-boxed e-con e-parent\" data-id=\"cea2948\" data-element_type=\"container\" data-e-type=\"container\">\n\t\t\t\t\t<div class=\"e-con-inner\">\n\t\t<div class=\"elementor-element elementor-element-edaed9b e-con-full e-flex e-con e-child\" data-id=\"edaed9b\" data-element_type=\"container\" data-e-type=\"container\">\n\t\t\t\t<div class=\"elementor-element elementor-element-532e633 elementor-widget elementor-widget-heading\" data-id=\"532e633\" data-element_type=\"widget\" data-e-type=\"widget\" data-widget_type=\"heading.default\">\n\t\t\t\t<div class=\"elementor-widget-container\">\n\t\t\t\t\t<h2 class=\"elementor-heading-title elementor-size-default\">Kontaktieren Sie uns<\/h2>\t\t\t\t<\/div>\n\t\t\t\t<\/div>\n\t\t\t\t<div class=\"elementor-element elementor-element-6636bfb elementor-widget elementor-widget-text-editor\" data-id=\"6636bfb\" data-element_type=\"widget\" data-e-type=\"widget\" data-widget_type=\"text-editor.default\">\n\t\t\t\t<div class=\"elementor-widget-container\">\n\t\t\t\t\t\t\t\t\t<p>Sie haben Interesse an B\u00fcro- oder Gewerbefl\u00e4chen? <br \/>Sie suchen Seminarr\u00e4ume oder haben Interesse an unseren Angeboten zum Thema Unternehmensgr\u00fcndung? <br \/>Dann schreiben Sie uns eine kurze Nachricht, wir melden uns bei Ihnen.<\/p>\t\t\t\t\t\t\t\t<\/div>\n\t\t\t\t<\/div>\n\t\t\t\t<div class=\"elementor-element elementor-element-696cf3f elementor-widget elementor-widget-heading\" data-id=\"696cf3f\" data-element_type=\"widget\" data-e-type=\"widget\" data-widget_type=\"heading.default\">\n\t\t\t\t<div class=\"elementor-widget-container\">\n\t\t\t\t\t<h2 class=\"elementor-heading-title elementor-size-default\">Adresse<\/h2>\t\t\t\t<\/div>\n\t\t\t\t<\/div>\n\t\t\t\t<div class=\"elementor-element elementor-element-0542c2e elementor-widget elementor-widget-text-editor\" data-id=\"0542c2e\" data-element_type=\"widget\" data-e-type=\"widget\" data-widget_type=\"text-editor.default\">\n\t\t\t\t<div class=\"elementor-widget-container\">\n\t\t\t\t\t\t\t\t\t<p><strong>Haus der Wirtschaft \/\/ Technologiezentrum<\/strong><br \/>Stauffenbergstra\u00dfe 35 \/ 37<br \/>74523 Schw\u00e4bisch Hall<\/p><p>Fon: <a href=\"tel:+4979158010\">0791 5801-0<\/a><br \/>Fax: 0791 5801-13<br \/>Mail: <a href=\"mailto:info@tz-hall.de\">info@tz-hall.de<\/a><\/p>\t\t\t\t\t\t\t\t<\/div>\n\t\t\t\t<\/div>\n\t\t\t\t<\/div>\n\t\t<div class=\"elementor-element elementor-element-7c817d1 e-con-full e-flex e-con e-child\" data-id=\"7c817d1\" data-element_type=\"container\" data-e-type=\"container\">\n\t\t\t\t<div class=\"elementor-element elementor-element-97f9aee elementor-widget elementor-widget-html\" data-id=\"97f9aee\" data-element_type=\"widget\" data-e-type=\"widget\" data-widget_type=\"html.default\">\n\t\t\t\t<div class=\"elementor-widget-container\">\n\t\t\t\t\t<iframe style=\"border: 0;\" src=\"https:\/\/www.google.com\/maps\/embed?pb=!1m14!1m8!1m3!1d2611.5425637391404!2d9.77664!3d49.11433!3m2!1i1024!2i768!4f13.1!3m3!1m2!1s0x47985a781d51015f%3A0xde23237af0b4d33d!2sStauffenbergstra%C3%9Fe%2035%2C%2074523%20Schw%C3%A4bisch%20Hall!5e0!3m2!1sde!2sde!4v1629905385665!5m2!1sde!2sde\" width=\"600\" height=\"550\" allowfullscreen=\"allowfullscreen\"><span data-mce-type=\"bookmark\" style=\"display: inline-block; width: 0px; overflow: hidden; line-height: 0;\" class=\"mce_SELRES_start\">\ufeff<\/span><\/iframe>\t\t\t\t<\/div>\n\t\t\t\t<\/div>\n\t\t\t\t<\/div>\n\t\t\t\t\t<\/div>\n\t\t\t\t<\/div>\n\t\t\t\t<\/div>\n\t\t","protected":false},"excerpt":{"rendered":"<p>Kontaktieren Sie uns Sie haben Interesse an B\u00fcro- oder Gewerbefl\u00e4chen? Sie suchen Seminarr\u00e4ume oder haben Interesse an unseren Angeboten zum Thema Unternehmensgr\u00fcndung? Dann schreiben Sie uns eine kurze Nachricht, wir melden uns bei Ihnen. Adresse Haus der Wirtschaft \/\/ TechnologiezentrumStauffenbergstra\u00dfe 35 \/ 3774523 Schw\u00e4bisch Hall Fon: 0791 5801-0Fax: 0791 5801-13Mail: info@tz-hall.de \ufeff<\/p>\n","protected":false},"author":1,"featured_media":0,"parent":0,"menu_order":3,"comment_status":"closed","ping_status":"closed","template":"","meta":{"footnotes":""},"class_list":["post-15","page","type-page","status-publish","hentry"],"_links":{"self":[{"href":"https:\/\/tz-hall.de\/index.php\/wp-json\/wp\/v2\/pages\/15","targetHints":{"allow":["GET"]}}],"collection":[{"href":"https:\/\/tz-hall.de\/index.php\/wp-json\/wp\/v2\/pages"}],"about":[{"href":"https:\/\/tz-hall.de\/index.php\/wp-json\/wp\/v2\/types\/page"}],"author":[{"embeddable":true,"href":"https:\/\/tz-hall.de\/index.php\/wp-json\/wp\/v2\/users\/1"}],"replies":[{"embeddable":true,"href":"https:\/\/tz-hall.de\/index.php\/wp-json\/wp\/v2\/comments?post=15"}],"version-history":[{"count":13,"href":"https:\/\/tz-hall.de\/index.php\/wp-json\/wp\/v2\/pages\/15\/revisions"}],"predecessor-version":[{"id":6870,"href":"https:\/\/tz-hall.de\/index.php\/wp-json\/wp\/v2\/pages\/15\/revisions\/6870"}],"wp:attachment":[{"href":"https:\/\/tz-hall.de\/index.php\/wp-json\/wp\/v2\/media?parent=15"}],"curies":[{"name":"wp","href":"https:\/\/api.w.org\/{rel}","templated":true}]}}